{"id":1190,"date":"2023-03-14T15:20:23","date_gmt":"2023-03-14T14:20:23","guid":{"rendered":"https:\/\/hotel-melezes.ch\/kontakt\/"},"modified":"2024-05-15T13:50:02","modified_gmt":"2024-05-15T11:50:02","slug":"kontakt","status":"publish","type":"page","link":"https:\/\/hotel-melezes.ch\/de\/kontakt\/","title":{"rendered":"Kontakt"},"content":{"rendered":"<div class=\"wpb-content-wrapper\"><p>[vc_row][vc_column]<div class=\"dfd-spacer-module\"  data-units=\"px\" data-wide_resolution=\"1280\" data-wide_size=\"125\" data-normal_resolution=\"1024\" data-normal_size=\"80\" data-tablet_resolution=\"800\" data-tablet_size=\"50\" data-mobile_resolution=\"480\" data-mobile_size=\"40\" style=\"height: 125px;\"><\/div>[\/vc_column][\/vc_row][vc_row dfd_row_responsive_enable=&#8220;dfd-row-responsive-enable&#8220; responsive_styles=&#8220;padding_left_mobile:30|padding_right_mobile:30&#8243;][vc_column width=&#8220;1\/2&#8243;]<div class=\"dfd-heading-shortcode\"><div class=\"dfd-heading-module-wrap  text-left style_01 dfd-heading-69e1f1d159e5a dfd-disable-resposive-headings\" id=\"dfd-heading-69e1f1d159e5a\" ><div class=\"inline-block\"><div class=\"dfd-heading-module\"><h2 class=\"widget-title dfd-title \" style=\"\">Hotel Les M\u00e9l\u00e8zes<\/h2><\/div><\/div><\/div><script type=\"text\/javascript\">\r\n\t\t\t\t\t\t\t\t\t(function($) {\r\n\t\t\t\t\t\t\t\t\t\t$(\"head\").append(\"<style>.dfd-heading-69e1f1d159e5a.dfd-heading-module-wrap .dfd-heading-module .dfd-heading-delimiter {margin-top:10px;margin-bottom:10px;}<\/style>\");\r\n\t\t\t\t\t\t\t\t\t})(jQuery);\r\n\t\t\t\t\t\t\t\t<\/script><\/div><div class=\"dfd-spacer-module\"  data-units=\"px\" data-wide_resolution=\"1280\" data-wide_size=\"20\" data-normal_resolution=\"1024\" data-normal_size=\"20\" data-tablet_resolution=\"800\" data-tablet_size=\"10\" data-mobile_resolution=\"480\" data-mobile_size=\"10\" style=\"height: 20px;\"><\/div><div id=\"idinfobox69e1f1d159fb0\" class=\"dfd-info-box clearfix style-01 layout-04  idinfobox69e1f1d159fb0\" ><div class=\"dfd-animate-container\"><div class=\"icon-wrapper\"><div class=\"module-icon\" style=\"border-radius:px;font-size:50px;\"><div class=\"hover-layer\" ><\/div><i class=\"featured-icon dfd-icon-phone dfd_icon_set-icon-phone\" style=\"font-size:40px; color:#78635a; opacity:1;\" ><\/i><\/div><\/div><div class=\"content-wrap ovh\"><div class=\"info-box-title feature-title\" style=\"\">Telefon<\/div><div class=\"description\" style=\"\"><a href=\"tel:0041272831155\">+41 27 283 11 55<\/a><\/div><\/div><\/div><\/div><div class=\"dfd-spacer-module\"  data-units=\"px\" data-wide_resolution=\"1280\" data-wide_size=\"20\" data-normal_resolution=\"1024\" data-normal_size=\"20\" data-tablet_resolution=\"800\" data-tablet_size=\"10\" data-mobile_resolution=\"480\" data-mobile_size=\"10\" style=\"height: 20px;\"><\/div><div id=\"idinfobox69e1f1d15a0af\" class=\"dfd-info-box clearfix style-01 layout-04  idinfobox69e1f1d15a0af\" ><div class=\"dfd-animate-container\"><div class=\"icon-wrapper\"><div class=\"module-icon\" style=\"border-radius:px;font-size:50px;\"><div class=\"hover-layer\" ><\/div><i class=\"featured-icon dfd-icon-email_1 dfd_icon_set-icon-email_1\" style=\"font-size:40px; color:#78635a; opacity:1;\" ><\/i><\/div><\/div><div class=\"content-wrap ovh\"><div class=\"info-box-title feature-title\" style=\"\">E-Mail<\/div><div class=\"description\" style=\"\"><a style=\"font-size: 14px;\" href=\"mailto:info@hotel-melezes.ch\">info@hotel-melezes.ch<\/a><\/div><\/div><\/div><\/div><div class=\"dfd-spacer-module\"  data-units=\"px\" data-wide_resolution=\"1280\" data-wide_size=\"20\" data-normal_resolution=\"1024\" data-normal_size=\"20\" data-tablet_resolution=\"800\" data-tablet_size=\"10\" data-mobile_resolution=\"480\" data-mobile_size=\"10\" style=\"height: 20px;\"><\/div><div id=\"idinfobox69e1f1d15a180\" class=\"dfd-info-box clearfix style-01 layout-04  idinfobox69e1f1d15a180\" ><div class=\"dfd-animate-container\"><div class=\"icon-wrapper\"><div class=\"module-icon\" style=\"border-radius:px;font-size:50px;\"><div class=\"hover-layer\" ><\/div><i class=\"featured-icon dfd-icon-map_marker dfd_icon_set-icon-map_marker\" style=\"font-size:40px; color:#78635a; opacity:1;\" ><\/i><\/div><\/div><div class=\"content-wrap ovh\"><div class=\"info-box-title feature-title\" style=\"\">Adresse<\/div><div class=\"description\" style=\"\">Route Principale 3<br \/>\n1984 Les Haud\u00e8res<br \/>\nSchweiz<\/div><\/div><\/div><\/div><div class=\"dfd-spacer-module\"  data-units=\"px\" data-wide_resolution=\"1280\" data-wide_size=\"\" data-normal_resolution=\"1024\" data-normal_size=\"\" data-tablet_resolution=\"800\" data-tablet_size=\"\" data-mobile_resolution=\"480\" data-mobile_size=\"40\" style=\"height: px;\"><\/div>[\/vc_column][vc_column width=&#8220;1\/2&#8243;]<div class=\"dfd-heading-shortcode\"><div class=\"dfd-heading-module-wrap  text-left style_01 dfd-heading-69e1f1d15a230 dfd-disable-resposive-headings\" id=\"dfd-heading-69e1f1d15a230\" ><div class=\"inline-block\"><div class=\"dfd-heading-module\"><h2 class=\"widget-title dfd-title \" style=\"\">Schreiben Sie uns<\/h2><\/div><\/div><\/div><script type=\"text\/javascript\">\r\n\t\t\t\t\t\t\t\t\t(function($) {\r\n\t\t\t\t\t\t\t\t\t\t$(\"head\").append(\"<style>.dfd-heading-69e1f1d15a230.dfd-heading-module-wrap .dfd-heading-module .dfd-heading-delimiter {margin-top:10px;margin-bottom:10px;}<\/style>\");\r\n\t\t\t\t\t\t\t\t\t})(jQuery);\r\n\t\t\t\t\t\t\t\t<\/script><\/div><div class=\"dfd-spacer-module\"  data-units=\"px\" data-wide_resolution=\"1280\" data-wide_size=\"20\" data-normal_resolution=\"1024\" data-normal_size=\"20\" data-tablet_resolution=\"800\" data-tablet_size=\"10\" data-mobile_resolution=\"480\" data-mobile_size=\"10\" style=\"height: 20px;\"><\/div>\n<div class=\"wpcf7 no-js\" id=\"wpcf7-f1308-o1\" lang=\"de-DE\" dir=\"ltr\" data-wpcf7-id=\"1308\">\n<div class=\"screen-reader-response\"><p role=\"status\" aria-live=\"polite\" aria-atomic=\"true\"><\/p> <ul><\/ul><\/div>\n<form action=\"\/de\/wp-json\/wp\/v2\/pages\/1190#wpcf7-f1308-o1\" method=\"post\" class=\"wpcf7-form init\" aria-label=\"Kontaktformular\" novalidate=\"novalidate\" data-status=\"init\">\n<fieldset class=\"hidden-fields-container\"><input type=\"hidden\" name=\"_wpcf7\" value=\"1308\" \/><input type=\"hidden\" name=\"_wpcf7_version\" value=\"6.1.5\" \/><input type=\"hidden\" name=\"_wpcf7_locale\" value=\"de_DE\" \/><input type=\"hidden\" name=\"_wpcf7_unit_tag\" value=\"wpcf7-f1308-o1\" \/><input type=\"hidden\" name=\"_wpcf7_container_post\" value=\"0\" \/><input type=\"hidden\" name=\"_wpcf7_posted_data_hash\" value=\"\" \/><input type=\"hidden\" name=\"_wpcf7_recaptcha_response\" value=\"\" \/>\n<\/fieldset>\n<p><label> Ihr Name<br \/>\n<span class=\"wpcf7-form-control-wrap\" data-name=\"your-name\"><input size=\"40\" maxlength=\"400\" class=\"wpcf7-form-control wpcf7-text wpcf7-validates-as-required\" autocomplete=\"name\" aria-required=\"true\" aria-invalid=\"false\" value=\"\" type=\"text\" name=\"your-name\" \/><\/span> <\/label>\n<\/p>\n<p><label> Ihre E-Mail<br \/>\n<span class=\"wpcf7-form-control-wrap\" data-name=\"your-email\"><input size=\"40\" maxlength=\"400\" class=\"wpcf7-form-control wpcf7-email wpcf7-validates-as-required wpcf7-text wpcf7-validates-as-email\" autocomplete=\"email\" aria-required=\"true\" aria-invalid=\"false\" value=\"\" type=\"email\" name=\"your-email\" \/><\/span> <\/label>\n<\/p>\n<p><label> Ihre Nachricht<br \/>\n<span class=\"wpcf7-form-control-wrap\" data-name=\"your-message\"><textarea cols=\"40\" rows=\"10\" maxlength=\"2000\" class=\"wpcf7-form-control wpcf7-textarea wpcf7-validates-as-required\" aria-required=\"true\" aria-invalid=\"false\" name=\"your-message\"><\/textarea><\/span> <\/label>\n<\/p>\n<p><input class=\"wpcf7-form-control wpcf7-submit has-spinner btnSubmit\" id=\"btnSubmit\" type=\"submit\" value=\"SENDEN\" \/>\n<\/p><input type='hidden' class='wpcf7-pum' value='{\"closepopup\":false,\"closedelay\":0,\"openpopup\":false,\"openpopup_id\":0}' \/><div class=\"wpcf7-response-output\" aria-hidden=\"true\"><\/div>\n<\/form>\n<\/div>\n[\/vc_column][\/vc_row][vc_row][vc_column]<div class=\"dfd-spacer-module\"  data-units=\"px\" data-wide_resolution=\"1280\" data-wide_size=\"125\" data-normal_resolution=\"1024\" data-normal_size=\"80\" data-tablet_resolution=\"800\" data-tablet_size=\"50\" data-mobile_resolution=\"480\" data-mobile_size=\"40\" style=\"height: 125px;\"><\/div>[\/vc_column][\/vc_row][vc_row][vc_column]<div class=\"dfd-heading-shortcode\"><div class=\"dfd-heading-module-wrap  text-left style_01 dfd-heading-69e1f1d15c57d dfd-disable-resposive-headings\" id=\"dfd-heading-69e1f1d15c57d\" ><div class=\"inline-block\"><div class=\"dfd-heading-module\"><h2 class=\"widget-title dfd-title \" style=\"\">Reiseinformationen<\/h2><\/div><\/div><\/div><script type=\"text\/javascript\">\r\n\t\t\t\t\t\t\t\t\t(function($) {\r\n\t\t\t\t\t\t\t\t\t\t$(\"head\").append(\"<style>.dfd-heading-69e1f1d15c57d.dfd-heading-module-wrap .dfd-heading-module .dfd-heading-delimiter {margin-top:10px;margin-bottom:10px;}<\/style>\");\r\n\t\t\t\t\t\t\t\t\t})(jQuery);\r\n\t\t\t\t\t\t\t\t<\/script><\/div><div class=\"dfd-spacer-module\"  data-units=\"px\" data-wide_resolution=\"1280\" data-wide_size=\"20\" data-normal_resolution=\"1024\" data-normal_size=\"20\" data-tablet_resolution=\"800\" data-tablet_size=\"10\" data-mobile_resolution=\"480\" data-mobile_size=\"10\" style=\"height: 20px;\"><\/div>[dfd_accordion active_section=&#8220;100&#8243; font_size=&#8220;14&#8243; icon_size=&#8220;14&#8243; tab_background=&#8220;#78635a&#8220; active_tab_background=&#8220;#78635a&#8220; tab_text_color=&#8220;#ffffff&#8220; tab_hover_text_color=&#8220;#ffffff&#8220; tab_active_color_text=&#8220;#ffffff&#8220; icon_color=&#8220;#ffffff&#8220;][vc_tta_section title=&#8220;Check in&#8220; tab_id=&#8220;1680005784580-76ef5c40-ef9e&#8220;][vc_column_text]Der Check-in findet zwischen 16.00 und 18.00 Uhr statt. Wenn Sie voraussichtlich au\u00dferhalb dieses Zeitfensters anreisen, informieren Sie uns bitte per E-Mail (<a href=\"mailto:info@hotel-melezes.ch\">info@hotel-melezes.ch<\/a>) oder telefonisch (+41 27 283 11 55).[\/vc_column_text][\/vc_tta_section][vc_tta_section title=&#8220;Check out&#8220; tab_id=&#8220;1680005760880-8abe3a5d-0138&#8243;][vc_column_text]Das Zimmer muss bis sp\u00e4testens 11 Uhr ger\u00e4umt werden.[\/vc_column_text][\/vc_tta_section][vc_tta_section title=&#8220;Anreise nach Les Haud\u00e8res&#8220; tab_id=&#8220;1680005760835-67ffa93b-6f65&#8243;][vc_column_text]Es ist m\u00f6glich, mit Ihrem Privatfahrzeug zum Hotel des M\u00e9l\u00e8zes zu fahren. Der Parkplatz ist kostenlos.<\/p>\n<p>&nbsp;<\/p>\n<p>Sie k\u00f6nnen das Hotel auch mit \u00f6ffentlichen Verkehrsmitteln erreichen, indem Sie den Postbus B 381 von Sitten aus nehmen. Die Haltestelle in Les Haud\u00e8res ist die Haltestelle &#8222;Praz do Lauc&#8220; oder die Haltestelle &#8222;Centre&#8220;.<\/p>\n<p>&nbsp;<\/p>\n<p>Sie k\u00f6nnen auch unseren Taxiservice unter der Nummer: +41 27 283 11 55 kontaktieren.[\/vc_column_text][\/vc_tta_section][vc_tta_section title=&#8220;Transport in der Gemeinde&#8220; tab_id=&#8220;1681311466939-40acb297-a38d&#8220;][vc_column_text]Beim Einchecken erhalten Sie eine G\u00e4stekarte, mit der Sie die \u00f6ffentlichen Verkehrsmittel im gesamten Tal kostenlos nutzen k\u00f6nnen.[\/vc_column_text][\/vc_tta_section][vc_tta_section title=&#8220;Restauration&#8220; tab_id=&#8220;1681311485847-ee591896-e8a4&#8243;][vc_column_text]<strong>Morgens<\/strong>: Das Fr\u00fchst\u00fcck wird von 8:30 bis 10:30 Uhr in unserem Speisesaal serviert.<\/p>\n<p>&nbsp;<\/p>\n<p><strong>Mittags<\/strong>: Wir k\u00f6nnen Ihr Picknick vorbereiten; Sandwiches mit regionalen Produkten oder K\u00f6rbe aus der Region.<\/p>\n<p>&nbsp;<\/p>\n<p><strong>Abends:<\/strong> Vous <a href=\"https:\/\/www.evolene-region.ch\/fr\/hebergements-restauration\/sommaire-evo-menu-heb-resto\/restaurants\/sommaire-evo-restaurant\/restaurants\/restaurants-lm?paramFilter%5Bhde%5D%5B%5D=548&amp;paramFilter%5Bhde%5D%5B%5D=547&amp;paramFilter%5Bhde%5D%5B%5D=544&amp;paramFilter%5Bhde%5D%5B%5D=546&amp;paramFilter%5Bhde%5D%5B%5D=545&amp;paramFilter%5Bhde%5D%5B%5D=539\" target=\"_blank\" rel=\"noopener\">Hier<\/a> finden Sie eine Liste der Restaurants in der Region. Die meisten Restaurants sind zu Fu\u00df oder mit dem Auto in nur wenigen Minuten erreichbar.<\/p>\n<p>&nbsp;<\/p>\n<p>Ein kostenloser Shuttle-Service kann an der Rezeption gebucht werden.[\/vc_column_text][\/vc_tta_section][\/dfd_accordion][\/vc_column][\/vc_row][vc_row][vc_column width=&#8220;2\/3&#8243;]<div class=\"dfd-heading-shortcode\"><div class=\"dfd-heading-module-wrap  text-left style_01 dfd-heading-69e1f1d15c69c dfd-disable-resposive-headings\" id=\"dfd-heading-69e1f1d15c69c\" ><div class=\"inline-block\"><div class=\"dfd-heading-module\"><h2 class=\"widget-title dfd-title \" style=\"\">So finden Sie uns<\/h2><\/div><\/div><\/div><script type=\"text\/javascript\">\r\n\t\t\t\t\t\t\t\t\t(function($) {\r\n\t\t\t\t\t\t\t\t\t\t$(\"head\").append(\"<style>.dfd-heading-69e1f1d15c69c.dfd-heading-module-wrap .dfd-heading-module .dfd-heading-delimiter {margin-top:10px;margin-bottom:10px;}<\/style>\");\r\n\t\t\t\t\t\t\t\t\t})(jQuery);\r\n\t\t\t\t\t\t\t\t<\/script><\/div><div class=\"dfd-spacer-module\"  data-units=\"px\" data-wide_resolution=\"1280\" data-wide_size=\"20\" data-normal_resolution=\"1024\" data-normal_size=\"20\" data-tablet_resolution=\"800\" data-tablet_size=\"10\" data-mobile_resolution=\"480\" data-mobile_size=\"10\" style=\"height: 20px;\"><\/div>[vc_column_text]Unsere Einrichtung befindet sich im Val d&#8217;H\u00e9rens, am Eingang des friedlichen Dorfes Les Haud\u00e8res, 3 km von Evol\u00e8ne entfernt, das zum sch\u00f6nsten Dorf der Westschweiz gew\u00e4hlt wurde.[\/vc_column_text]<div class=\"dfd-spacer-module\"  data-units=\"px\" data-wide_resolution=\"1280\" data-wide_size=\"20\" data-normal_resolution=\"1024\" data-normal_size=\"20\" data-tablet_resolution=\"800\" data-tablet_size=\"10\" data-mobile_resolution=\"480\" data-mobile_size=\"10\" style=\"height: 20px;\"><\/div>[vc_column_text]<a href=\"https:\/\/maps.app.goo.gl\/c7M4v54ukMuriyRdA\">Klicke hier<\/a> um uns leicht zu finden ![\/vc_column_text]<div class=\"dfd-spacer-module\"  data-units=\"px\" data-wide_resolution=\"1280\" data-wide_size=\"20\" data-normal_resolution=\"1024\" data-normal_size=\"20\" data-tablet_resolution=\"800\" data-tablet_size=\"10\" data-mobile_resolution=\"480\" data-mobile_size=\"10\" style=\"height: 20px;\"><\/div>[\/vc_column][vc_column width=&#8220;1\/3&#8243;][\/vc_column][\/vc_row][vc_row][vc_column][\/vc_column][\/vc_row][vc_row][vc_column el_class=&#8220;href=&#8222;https:\/\/maps.app.goo.gl\/c7M4v54ukMuriyRdA&#8222;&#8220; col_shadow=&#8220;box_shadow_enable:disable|shadow_horizontal:0|shadow_vertical:15|shadow_blur:50|shadow_spread:0|box_shadow_color:rgba(0%2C0%2C0%2C.35)&#8220; col_shadow_hover=&#8220;box_shadow_enable:disable|shadow_horizontal:0|shadow_vertical:15|shadow_blur:50|shadow_spread:0|box_shadow_color:rgba(0%2C0%2C0%2C.35)&#8220;]<div class=\"dfd-gmap-module map_69e1f1d15c810 \" ><div id=\"map_69e1f1d15c810\" class=\"map-holder\"><\/div>\r\n\t\t\t\t\t<script type=\"text\/javascript\">\r\n\t\t\t\t\t\t(function($) {\r\n\t\t\t\t\t\t\t$(document).ready(function () {\r\n\t\t\t\t\t\t\t\t$(\"#map_69e1f1d15c810\").bind('gmap-reload', function() {\r\n\t\t\t\t\t\t\t\t\t\t gmap3_init();\r\n\t\t\t\t\t\t\t\t\t});\r\n\r\n\t\t\t\t\t\t\t\tgmap3_init();\r\n\r\n\t\t\t\t\t\t\t\tfunction gmap3_init() {\r\n\t\t\t\t\t\t\t\t\t$(\"#map_69e1f1d15c810\").gmap3('destroy');\r\n\r\n\t\t\t\t\t\t\t\t\t$(\"#map_69e1f1d15c810\").gmap3({\r\n\t\t\t\t\t\t\t\t\t\tmarker: {\r\n\t\t\t\t\t\t\t\t\t\t\tvalues: [{address: \" 46.08447567356703, 7.509356722833592\" , data:\"46.08447567356703, 7.509356722833592\", options:{icon: \"https:\/\/hotel-melezes.ch\/wp-content\/uploads\/2023\/03\/marker.png\"}}],\r\n\t\t\t\t\t\t\t\t\t\t\tevents:{\r\n\t\t\t\t\t\t\t\t\t\t\t\tclick: function(marker, event, context){\r\n\t\t\t\t\t\t\t\t\t\t\t\t\tvar map = jQuery(this).gmap3(\"get\"),\r\n\t\t\t\t\t\t\t\t\t\t\t\t\t\tinfowindow = $(this).gmap3({get:{name:\"infowindow\"}});\r\n\t\t\t\t\t\t\t\t\t\t\t\t\tif (infowindow){\r\n\t\t\t\t\t\t\t\t\t\t\t\t\t\tinfowindow.open(map, marker);\r\n\t\t\t\t\t\t\t\t\t\t\t\t\t\tinfowindow.setContent('<div class=\"noscroll\">'+context.data+'<\/div>');\r\n\t\t\t\t\t\t\t\t\t\t\t\t\t} else {\r\n\t\t\t\t\t\t\t\t\t\t\t\t\t\t$(this).gmap3({\r\n\t\t\t\t\t\t\t\t\t\t\t\t\t\t\tinfowindow:{\r\n\t\t\t\t\t\t\t\t\t\t\t\t\t\t\t\tanchor:marker,\r\n\t\t\t\t\t\t\t\t\t\t\t\t\t\t\t\toptions:{content: '<div class=\"noscroll\">'+context.data+'<\/div>'}\r\n\t\t\t\t\t\t\t\t\t\t\t\t\t\t\t}\r\n\t\t\t\t\t\t\t\t\t\t\t\t\t\t});\r\n\t\t\t\t\t\t\t\t\t\t\t\t\t}\r\n\t\t\t\t\t\t\t\t\t\t\t\t}\r\n\t\t\t\t\t\t\t\t\t\t\t}\r\n\t\t\t\t\t\t\t\t\t\t},\r\n\t\t\t\t\t\t\t\t\tmap: {\r\n\t\t\t\t\t\t\t\t\t\toptions: {\r\n\t\t\t\t\t\t\t\t\t\t\tzoom: 9,\r\n\t\t\t\t\t\t\t\t\t\t\tzoomControl: true,styles:[{'featureType':'landscape','stylers':[{'saturation':-100},{'lightness':65},{'visibility':'on'}]},{'featureType':'poi','stylers':[{'saturation':-100},{'lightness':51},{'visibility':'simplified'}]},{'featureType':'road.highway','stylers':[{'saturation':-100},{'visibility':'simplified'}]},{'featureType':'road.arterial','stylers':[{'saturation':-100},{'lightness':30},{'visibility':'on'}]},{'featureType':'road.local','stylers':[{'saturation':-100},{'lightness':40},{'visibility':'on'}]},{'featureType':'transit','stylers':[{'saturation':-100},{'visibility':'simplified'}]},{'featureType':'administrative.province','stylers':[{'visibility':'off'}]},{'featureType':'water','elementType':'labels','stylers':[{'visibility':'on'},{'lightness':-25},{'saturation':-100}]},{'featureType':'water','elementType':'geometry','stylers':[{'hue':'#ffff00'},{'lightness':-25},{'saturation':-97}]}],scrollwheel: false,\r\n\t\t\t\t\t\t\t\t\t\t\tstreetViewControl: false,\r\n\t\t\t\t\t\t\t\t\t\t\tmapTypeControl: false\r\n\t\t\t\t\t\t\t\t\t\t}\r\n\t\t\t\t\t\t\t\t\t}\r\n\t\t\t\t\t\t\t\t});\r\n\t\t\t\t\t\t\t}\r\n\t\t\t\t\t\t});$(\"head\").append(\"<style>#map_69e1f1d15c810 {height: 600px;}<\/style>\");})(jQuery);\r\n\t\t\t\t<\/script><\/div>[\/vc_column][\/vc_row][vc_row][vc_column]<div class=\"dfd-spacer-module\"  data-units=\"px\" data-wide_resolution=\"1280\" data-wide_size=\"125\" data-normal_resolution=\"1024\" data-normal_size=\"80\" data-tablet_resolution=\"800\" data-tablet_size=\"50\" data-mobile_resolution=\"480\" data-mobile_size=\"40\" style=\"height: 125px;\"><\/div>[\/vc_column][\/vc_row]<\/p>\n<\/div>","protected":false},"excerpt":{"rendered":"<p>[vc_row][vc_column][\/vc_column][\/vc_row][vc_row dfd_row_responsive_enable=&#8220;dfd-row-responsive-enable&#8220; responsive_styles=&#8220;padding_left_mobile:30|padding_right_mobile:30&#8243;][vc_column width=&#8220;1\/2&#8243;][\/vc_column][vc_column width=&#8220;1\/2&#8243;][\/vc_column][\/vc_row][vc_row][vc_column][\/vc_column][\/vc_row][vc_row][vc_column][dfd_accordion active_section=&#8220;100&#8243; font_size=&#8220;14&#8243; icon_size=&#8220;14&#8243; tab_background=&#8220;#78635a&#8220; active_tab_background=&#8220;#78635a&#8220; tab_text_color=&#8220;#ffffff&#8220; tab_hover_text_color=&#8220;#ffffff&#8220; tab_active_color_text=&#8220;#ffffff&#8220; icon_color=&#8220;#ffffff&#8220;][vc_tta_section title=&#8220;Check in&#8220; tab_id=&#8220;1680005784580-76ef5c40-ef9e&#8220;][vc_column_text]Der Check-in findet zwischen 16.00 und 18.00 Uhr statt. Wenn Sie voraussichtlich au\u00dferhalb dieses<\/p>\n","protected":false},"author":1,"featured_media":0,"parent":0,"menu_order":0,"comment_status":"closed","ping_status":"closed","template":"page-custom-with-header.php","meta":{"inline_featured_image":false,"footnotes":""},"class_list":["post-1190","page","type-page","status-publish","hentry"],"yoast_head":"<!-- This site is optimized with the Yoast SEO plugin v27.3 - https:\/\/yoast.com\/product\/yoast-seo-wordpress\/ -->\n<title>Hotel Les M\u00e9l\u00e8zes | Wallis<\/title>\n<meta name=\"description\" content=\"Kontaktieren Sie uns, um Ihre Unterkunft zu buchen oder wenn Sie weitere Fragen zu unserem Hotel haben.\" \/>\n<meta name=\"robots\" content=\"index, follow, max-snippet:-1, max-image-preview:large, max-video-preview:-1\" \/>\n<link rel=\"canonical\" href=\"https:\/\/hotel-melezes.ch\/de\/kontakt\/\" \/>\n<meta property=\"og:locale\" content=\"de_DE\" \/>\n<meta property=\"og:type\" content=\"article\" \/>\n<meta property=\"og:title\" content=\"Hotel Les M\u00e9l\u00e8zes | Wallis\" \/>\n<meta property=\"og:description\" content=\"Kontaktieren Sie uns, um Ihre Unterkunft zu buchen oder wenn Sie weitere Fragen zu unserem Hotel haben.\" \/>\n<meta property=\"og:url\" content=\"https:\/\/hotel-melezes.ch\/de\/kontakt\/\" \/>\n<meta property=\"og:site_name\" content=\"H\u00f4tel Les M\u00e9l\u00e8zes\" \/>\n<meta property=\"article:modified_time\" content=\"2024-05-15T11:50:02+00:00\" \/>\n<meta name=\"twitter:card\" content=\"summary_large_image\" \/>\n<meta name=\"twitter:label1\" content=\"Gesch\u00e4tzte Lesezeit\" \/>\n\t<meta name=\"twitter:data1\" content=\"3\u00a0Minuten\" \/>\n<script type=\"application\/ld+json\" class=\"yoast-schema-graph\">{\"@context\":\"https:\\\/\\\/schema.org\",\"@graph\":[{\"@type\":\"WebPage\",\"@id\":\"https:\\\/\\\/hotel-melezes.ch\\\/de\\\/kontakt\\\/\",\"url\":\"https:\\\/\\\/hotel-melezes.ch\\\/de\\\/kontakt\\\/\",\"name\":\"Hotel Les M\u00e9l\u00e8zes | Wallis\",\"isPartOf\":{\"@id\":\"https:\\\/\\\/hotel-melezes.ch\\\/de\\\/#website\"},\"datePublished\":\"2023-03-14T14:20:23+00:00\",\"dateModified\":\"2024-05-15T11:50:02+00:00\",\"description\":\"Kontaktieren Sie uns, um Ihre Unterkunft zu buchen oder wenn Sie weitere Fragen zu unserem Hotel haben.\",\"breadcrumb\":{\"@id\":\"https:\\\/\\\/hotel-melezes.ch\\\/de\\\/kontakt\\\/#breadcrumb\"},\"inLanguage\":\"de\",\"potentialAction\":[{\"@type\":\"ReadAction\",\"target\":[\"https:\\\/\\\/hotel-melezes.ch\\\/de\\\/kontakt\\\/\"]}]},{\"@type\":\"BreadcrumbList\",\"@id\":\"https:\\\/\\\/hotel-melezes.ch\\\/de\\\/kontakt\\\/#breadcrumb\",\"itemListElement\":[{\"@type\":\"ListItem\",\"position\":1,\"name\":\"Accueil\",\"item\":\"https:\\\/\\\/hotel-melezes.ch\\\/de\\\/home\\\/\"},{\"@type\":\"ListItem\",\"position\":2,\"name\":\"Kontakt\"}]},{\"@type\":\"WebSite\",\"@id\":\"https:\\\/\\\/hotel-melezes.ch\\\/de\\\/#website\",\"url\":\"https:\\\/\\\/hotel-melezes.ch\\\/de\\\/\",\"name\":\"H\u00f4tel Les M\u00e9l\u00e8zes\",\"description\":\"\",\"potentialAction\":[{\"@type\":\"SearchAction\",\"target\":{\"@type\":\"EntryPoint\",\"urlTemplate\":\"https:\\\/\\\/hotel-melezes.ch\\\/de\\\/?s={search_term_string}\"},\"query-input\":{\"@type\":\"PropertyValueSpecification\",\"valueRequired\":true,\"valueName\":\"search_term_string\"}}],\"inLanguage\":\"de\"}]}<\/script>\n<!-- \/ Yoast SEO plugin. -->","yoast_head_json":{"title":"Hotel Les M\u00e9l\u00e8zes | Wallis","description":"Kontaktieren Sie uns, um Ihre Unterkunft zu buchen oder wenn Sie weitere Fragen zu unserem Hotel haben.","robots":{"index":"index","follow":"follow","max-snippet":"max-snippet:-1","max-image-preview":"max-image-preview:large","max-video-preview":"max-video-preview:-1"},"canonical":"https:\/\/hotel-melezes.ch\/de\/kontakt\/","og_locale":"de_DE","og_type":"article","og_title":"Hotel Les M\u00e9l\u00e8zes | Wallis","og_description":"Kontaktieren Sie uns, um Ihre Unterkunft zu buchen oder wenn Sie weitere Fragen zu unserem Hotel haben.","og_url":"https:\/\/hotel-melezes.ch\/de\/kontakt\/","og_site_name":"H\u00f4tel Les M\u00e9l\u00e8zes","article_modified_time":"2024-05-15T11:50:02+00:00","twitter_card":"summary_large_image","twitter_misc":{"Gesch\u00e4tzte Lesezeit":"3\u00a0Minuten"},"schema":{"@context":"https:\/\/schema.org","@graph":[{"@type":"WebPage","@id":"https:\/\/hotel-melezes.ch\/de\/kontakt\/","url":"https:\/\/hotel-melezes.ch\/de\/kontakt\/","name":"Hotel Les M\u00e9l\u00e8zes | Wallis","isPartOf":{"@id":"https:\/\/hotel-melezes.ch\/de\/#website"},"datePublished":"2023-03-14T14:20:23+00:00","dateModified":"2024-05-15T11:50:02+00:00","description":"Kontaktieren Sie uns, um Ihre Unterkunft zu buchen oder wenn Sie weitere Fragen zu unserem Hotel haben.","breadcrumb":{"@id":"https:\/\/hotel-melezes.ch\/de\/kontakt\/#breadcrumb"},"inLanguage":"de","potentialAction":[{"@type":"ReadAction","target":["https:\/\/hotel-melezes.ch\/de\/kontakt\/"]}]},{"@type":"BreadcrumbList","@id":"https:\/\/hotel-melezes.ch\/de\/kontakt\/#breadcrumb","itemListElement":[{"@type":"ListItem","position":1,"name":"Accueil","item":"https:\/\/hotel-melezes.ch\/de\/home\/"},{"@type":"ListItem","position":2,"name":"Kontakt"}]},{"@type":"WebSite","@id":"https:\/\/hotel-melezes.ch\/de\/#website","url":"https:\/\/hotel-melezes.ch\/de\/","name":"H\u00f4tel Les M\u00e9l\u00e8zes","description":"","potentialAction":[{"@type":"SearchAction","target":{"@type":"EntryPoint","urlTemplate":"https:\/\/hotel-melezes.ch\/de\/?s={search_term_string}"},"query-input":{"@type":"PropertyValueSpecification","valueRequired":true,"valueName":"search_term_string"}}],"inLanguage":"de"}]}},"_links":{"self":[{"href":"https:\/\/hotel-melezes.ch\/de\/wp-json\/wp\/v2\/pages\/1190","targetHints":{"allow":["GET"]}}],"collection":[{"href":"https:\/\/hotel-melezes.ch\/de\/wp-json\/wp\/v2\/pages"}],"about":[{"href":"https:\/\/hotel-melezes.ch\/de\/wp-json\/wp\/v2\/types\/page"}],"author":[{"embeddable":true,"href":"https:\/\/hotel-melezes.ch\/de\/wp-json\/wp\/v2\/users\/1"}],"replies":[{"embeddable":true,"href":"https:\/\/hotel-melezes.ch\/de\/wp-json\/wp\/v2\/comments?post=1190"}],"version-history":[{"count":6,"href":"https:\/\/hotel-melezes.ch\/de\/wp-json\/wp\/v2\/pages\/1190\/revisions"}],"predecessor-version":[{"id":1497,"href":"https:\/\/hotel-melezes.ch\/de\/wp-json\/wp\/v2\/pages\/1190\/revisions\/1497"}],"wp:attachment":[{"href":"https:\/\/hotel-melezes.ch\/de\/wp-json\/wp\/v2\/media?parent=1190"}],"curies":[{"name":"wp","href":"https:\/\/api.w.org\/{rel}","templated":true}]}}