{"id":1196,"date":"2023-03-25T10:15:10","date_gmt":"2023-03-25T09:15:10","guid":{"rendered":"https:\/\/hotel-melezes.ch\/region-aktivitaeten\/"},"modified":"2023-12-08T15:54:03","modified_gmt":"2023-12-08T14:54:03","slug":"region-aktivitaeten","status":"publish","type":"page","link":"https:\/\/hotel-melezes.ch\/de\/region-aktivitaeten\/","title":{"rendered":"Region &amp; Aktivit\u00e4ten"},"content":{"rendered":"<div class=\"wpb-content-wrapper\"><p>[vc_row][vc_column]<div class=\"dfd-spacer-module\"  data-units=\"px\" data-wide_resolution=\"1280\" data-wide_size=\"80\" data-normal_resolution=\"1024\" data-normal_size=\"60\" data-tablet_resolution=\"800\" data-tablet_size=\"60\" data-mobile_resolution=\"480\" data-mobile_size=\"30\" style=\"height: 80px;\"><\/div>[\/vc_column][\/vc_row][vc_row][vc_column css=&#8220;.vc_custom_1679737379068{padding-right: 10% !important;padding-left: 10% !important;}&#8220; col_shadow=&#8220;box_shadow_enable:disable|shadow_horizontal:0|shadow_vertical:15|shadow_blur:50|shadow_spread:0|box_shadow_color:rgba(0%2C0%2C0%2C.35)&#8220; col_shadow_hover=&#8220;box_shadow_enable:disable|shadow_horizontal:0|shadow_vertical:15|shadow_blur:50|shadow_spread:0|box_shadow_color:rgba(0%2C0%2C0%2C.35)&#8220;]<div class=\"dfd-heading-shortcode\"><div class=\"dfd-heading-module-wrap  text-center style_01 dfd-heading-69f618bee5902 dfd-disable-resposive-headings\" id=\"dfd-heading-69f618bee5902\" ><div class=\"inline-block\"><div class=\"dfd-heading-module\"><h2 class=\"widget-title dfd-title \" style=\"\">Aktivit\u00e4ten f\u00fcr alle<\/h2><\/div><\/div><\/div><script type=\"text\/javascript\">\r\n\t\t\t\t\t\t\t\t\t(function($) {\r\n\t\t\t\t\t\t\t\t\t\t$(\"head\").append(\"<style>.dfd-heading-69f618bee5902.dfd-heading-module-wrap .dfd-heading-module .dfd-heading-delimiter {margin-top:10px;margin-bottom:10px;}<\/style>\");\r\n\t\t\t\t\t\t\t\t\t})(jQuery);\r\n\t\t\t\t\t\t\t\t<\/script><\/div><div class=\"dfd-spacer-module\"  data-units=\"px\" data-wide_resolution=\"1280\" data-wide_size=\"40\" data-normal_resolution=\"1024\" data-normal_size=\"30\" data-tablet_resolution=\"800\" data-tablet_size=\"30\" data-mobile_resolution=\"480\" data-mobile_size=\"20\" style=\"height: 40px;\"><\/div>[vc_column_text]<\/p>\n<p style=\"text-align: center;\">Entdecken Sie im Sommer wie im Winter eine Vielzahl von Sehensw\u00fcrdigkeiten und Natursch\u00f6nheiten in der Region.<\/p>\n<p style=\"text-align: center;\">Au\u00dferdem gibt es f\u00fcr jeden Geschmack etwas.<\/p>\n<p style=\"text-align: center;\">Ob Sie nun eine neue Erfahrung machen, Adrenalin tanken, sanften Tourismus betreiben oder einfach nur die Region erkunden wollen, es werden Ihnen zu jeder Jahreszeit zahlreiche Aktivit\u00e4ten angeboten!<\/p>\n<p style=\"text-align: center;\">Entdecken Sie die Pracht des Val d&#8217;H\u00e9rens und erleben Sie magische Momente!<\/p>\n<p style=\"text-align: center;\">Wandern Sie beispielsweise w\u00e4hrend des Altweibersommers auf den Wanderwegen und bewundern Sie die Sch\u00f6nheit der L\u00e4rchen in ihrem Herbstkleid.<\/p>\n<p>[\/vc_column_text][\/vc_column][\/vc_row][vc_row][vc_column]<div class=\"dfd-spacer-module\"  data-units=\"px\" data-wide_resolution=\"1280\" data-wide_size=\"80\" data-normal_resolution=\"1024\" data-normal_size=\"60\" data-tablet_resolution=\"800\" data-tablet_size=\"60\" data-mobile_resolution=\"480\" data-mobile_size=\"30\" style=\"height: 80px;\"><\/div>[\/vc_column][\/vc_row][vc_row][vc_column width=&#8220;1\/2&#8243; col_shadow=&#8220;box_shadow_enable:disable|shadow_horizontal:0|shadow_vertical:15|shadow_blur:50|shadow_spread:0|box_shadow_color:rgba(0%2C0%2C0%2C.35)&#8220; col_shadow_hover=&#8220;box_shadow_enable:disable|shadow_horizontal:0|shadow_vertical:15|shadow_blur:50|shadow_spread:0|box_shadow_color:rgba(0%2C0%2C0%2C.35)&#8220;]<div class=\"dfd-info-banner style-01  delimiter-hidden  dfd-image-scale text-center\" ><div class=\"image-cover \"><img loading=\"lazy\" decoding=\"async\" src=\"https:\/\/hotel-melezes.ch\/wp-content\/uploads\/2023\/03\/trotinette-600x450.jpg\" alt=\"Image\"  width=\"600\" height=\"450\" class=\"info-banner-image \" \/><\/div><div class=\"info-box-title feature-title\" style=\"\">Aktivit\u00e4t Sommer und Herbst<\/div><a href=\"https:\/\/hotel-melezes.ch\/activites-estivales\/\" title=\"Aktivit\u00e4ten\"  class=\"full-box-link\"><\/a><\/div>[\/vc_column][vc_column width=&#8220;1\/2&#8243;]<div class=\"dfd-info-banner style-01  delimiter-hidden  dfd-image-scale text-center\" ><div class=\"image-cover \"><img loading=\"lazy\" decoding=\"async\" src=\"https:\/\/hotel-melezes.ch\/wp-content\/uploads\/2023\/03\/ski-600x450.jpg\" alt=\"Image\"  width=\"600\" height=\"450\" class=\"info-banner-image \" \/><\/div><div class=\"info-box-title feature-title\" style=\"\">Aktivit\u00e4ten im Winter<\/div><a href=\"https:\/\/hotel-melezes.ch\/activites-hivernales\/\" title=\"Aktivit\u00e4ten\"  class=\"full-box-link\"><\/a><\/div>[\/vc_column][\/vc_row][vc_row][vc_column]<div class=\"dfd-spacer-module\"  data-units=\"px\" data-wide_resolution=\"1280\" data-wide_size=\"120\" data-normal_resolution=\"1024\" data-normal_size=\"60\" data-tablet_resolution=\"800\" data-tablet_size=\"60\" data-mobile_resolution=\"480\" data-mobile_size=\"30\" style=\"height: 120px;\"><\/div>[\/vc_column][\/vc_row][vc_row css=&#8220;.vc_custom_1679733733501{background-color: #f8f5f0 !important;}&#8220;][vc_column]<div class=\"dfd-spacer-module\"  data-units=\"px\" data-wide_resolution=\"1280\" data-wide_size=\"80\" data-normal_resolution=\"1024\" data-normal_size=\"60\" data-tablet_resolution=\"800\" data-tablet_size=\"60\" data-mobile_resolution=\"480\" data-mobile_size=\"30\" style=\"height: 80px;\"><\/div><div class=\"dfd-heading-shortcode\"><div class=\"dfd-heading-module-wrap  text-center style_01 dfd-heading-69f618bee65f5 dfd-disable-resposive-headings\" id=\"dfd-heading-69f618bee65f5\" ><div class=\"inline-block\"><div class=\"dfd-heading-module\"><h2 class=\"widget-title dfd-title \" style=\"\">Eringer G\u00e4stekarte<\/p>\n<p><\/h2><\/div><\/div><\/div><script type=\"text\/javascript\">\r\n\t\t\t\t\t\t\t\t\t(function($) {\r\n\t\t\t\t\t\t\t\t\t\t$(\"head\").append(\"<style>.dfd-heading-69f618bee65f5.dfd-heading-module-wrap .dfd-heading-module .dfd-heading-delimiter {margin-top:10px;margin-bottom:10px;}<\/style>\");\r\n\t\t\t\t\t\t\t\t\t})(jQuery);\r\n\t\t\t\t\t\t\t\t<\/script><\/div>[vc_column_text]<\/p>\n<p style=\"text-align: center;\">Wenn Sie im Hotel des M\u00e9l\u00e8zes \u00fcbernachten, bieten wir Ihnen die Eringer G\u00e4stekarte an.<\/p>\n<p style=\"text-align: center;\">Mit dieser Karte profitieren Sie von den 22 Sommer- und Herbstaktivit\u00e4ten der Region mit Superrabatten!<\/p>\n<p>[\/vc_column_text]<div class=\"dfd-spacer-module\"  data-units=\"px\" data-wide_resolution=\"1280\" data-wide_size=\"40\" data-normal_resolution=\"1024\" data-normal_size=\"30\" data-tablet_resolution=\"800\" data-tablet_size=\"30\" data-mobile_resolution=\"480\" data-mobile_size=\"20\" style=\"height: 40px;\"><\/div><div id=\"dfd-button-gradient69f618bee6718-6536\" class=\"dfd-button-gradient-module-wrap\"><div class=\"dfd-button-module  style-2 normal text-center\" ><a href=\"https:\/\/www.valdherens.ch\/fr\/infos-pratiques\/sommaire\/partez-a-la-decouverte-de-cette-vallee-magique\/demandez-votre-pass-herens\/portail-pass-herens\" target=\"_blank\"  class=\"dfd-button-link  dfd-fade\"><span class=\"dfd-button-inner-cover\"><span class=\"dfd-button-text-main\" style=\"\">WEITERE INFORMATIONEN<\/span><span class=\"dfd-button-border\"><\/span><\/span><\/a><\/div><script type=\"text\/javascript\">(function($) {$(\"head\").append(\"<style>#dfd-button-gradient69f618bee6718-6536 .dfd-button-link .dfd-button-inner-cover {padding-left: 25px;}#dfd-button-gradient69f618bee6718-6536 .dfd-button-link .dfd-button-inner-cover {padding-right: 25px;}#dfd-button-gradient69f618bee6718-6536 .dfd-button-link:not(:hover),#dfd-button-gradient69f618bee6718-6536.dfd-button-gradient-module-wrap .dfd-button-link.dfd-3d-rotate .dfd-button-inner-cover.front .dfd-button-text-main,#dfd-button-gradient69f618bee6718-6536.dfd-button-gradient-module-wrap .dfd-button-link:not(:hover) .featured-icon {color: #78635a;}#dfd-button-gradient69f618bee6718-6536 .dfd-button-link:hover,#dfd-button-gradient69f618bee6718-6536.dfd-button-gradient-module-wrap .dfd-button-link.dfd-3d-rotate .dfd-button-inner-cover.back .dfd-button-text-main,#dfd-button-gradient69f618bee6718-6536.dfd-button-gradient-module-wrap .dfd-button-link:hover .featured-icon  {color: #ffffff;}#dfd-button-gradient69f618bee6718-6536 .dfd-button-link .dfd-button-inner-cover:before,#dfd-button-gradient69f618bee6718-6536.dfd-button-gradient-module-wrap .dfd-button-link.dfd-fade .dfd-button-inner-cover:before {background: linear-gradient(to right, #f8f5f0, #f8f5f0);}#dfd-button-gradient69f618bee6718-6536 .dfd-button-link .dfd-button-inner-cover:after {background: linear-gradient(to right, #78635a, #78635a);}#dfd-button-gradient69f618bee6718-6536 .dfd-button-link .dfd-button-inner-cover .dfd-button-border:before {background: linear-gradient(to right, #78635a, #78635a);}#dfd-button-gradient69f618bee6718-6536 .dfd-button-link .dfd-button-inner-cover .dfd-button-border:after {background: linear-gradient(to right, #78635a, #78635a);}#dfd-button-gradient69f618bee6718-6536 .dfd-button-link .dfd-button-inner-cover:before, #dfd-button-gradient69f618bee6718-6536 .dfd-button-link .dfd-button-inner-cover:after {top: 2px; right: 2px; bottom: 2px; left: 2px;}#dfd-button-gradient69f618bee6718-6536 .dfd-button-link:hover, #dfd-button-gradient69f618bee6718-6536 .dfd-button-link:hover .dfd-button-inner-cover, #dfd-button-gradient69f618bee6718-6536 .dfd-button-link:not(:hover), #dfd-button-gradient69f618bee6718-6536 .dfd-button-link:not(:hover) .dfd-button-inner-cover {border-radius: 0px;}<\/style>\");})(jQuery);<\/script><\/div><div class=\"dfd-spacer-module\"  data-units=\"px\" data-wide_resolution=\"1280\" data-wide_size=\"80\" data-normal_resolution=\"1024\" data-normal_size=\"60\" data-tablet_resolution=\"800\" data-tablet_size=\"60\" data-mobile_resolution=\"480\" data-mobile_size=\"30\" style=\"height: 80px;\"><\/div>[\/vc_column][\/vc_row]<\/p>\n<\/div>","protected":false},"excerpt":{"rendered":"<p>[vc_row][vc_column][\/vc_column][\/vc_row][vc_row][vc_column css=&#8220;.vc_custom_1679737379068{padding-right: 10% !important;padding-left: 10% !important;}&#8220; col_shadow=&#8220;box_shadow_enable:disable|shadow_horizontal:0|shadow_vertical:15|shadow_blur:50|shadow_spread:0|box_shadow_color:rgba(0%2C0%2C0%2C.35)&#8220; col_shadow_hover=&#8220;box_shadow_enable:disable|shadow_horizontal:0|shadow_vertical:15|shadow_blur:50|shadow_spread:0|box_shadow_color:rgba(0%2C0%2C0%2C.35)&#8220;][vc_column_text] Entdecken Sie im Sommer wie im Winter eine Vielzahl von Sehensw\u00fcrdigkeiten und Natursch\u00f6nheiten in der Region. Au\u00dferdem gibt es f\u00fcr jeden Geschmack<\/p>\n","protected":false},"author":1,"featured_media":0,"parent":0,"menu_order":0,"comment_status":"closed","ping_status":"closed","template":"page-custom-with-header.php","meta":{"inline_featured_image":false,"footnotes":""},"class_list":["post-1196","page","type-page","status-publish","hentry"],"yoast_head":"<!-- This site is optimized with the Yoast SEO plugin v27.3 - https:\/\/yoast.com\/product\/yoast-seo-wordpress\/ -->\n<title>Aktivit\u00e4ten in Les Haud\u00e8res in der Region Val d&#039;H\u00e9rens<\/title>\n<meta name=\"description\" content=\"Nutzen Sie die zahlreichen Aktivit\u00e4ten in der Umgebung. Grande Dixence-Staudamm, Lac bleu d&#039;Arolla, Pyramide von Euseigne und andere Sehensw\u00fcrdigkeiten warten darauf, entdeckt zu werden.\" \/>\n<meta name=\"robots\" content=\"index, follow, max-snippet:-1, max-image-preview:large, max-video-preview:-1\" \/>\n<link rel=\"canonical\" href=\"https:\/\/hotel-melezes.ch\/de\/region-aktivitaeten\/\" \/>\n<meta property=\"og:locale\" content=\"de_DE\" \/>\n<meta property=\"og:type\" content=\"article\" \/>\n<meta property=\"og:title\" content=\"Aktivit\u00e4ten in Les Haud\u00e8res in der Region Val d&#039;H\u00e9rens\" \/>\n<meta property=\"og:description\" content=\"Nutzen Sie die zahlreichen Aktivit\u00e4ten in der Umgebung. Grande Dixence-Staudamm, Lac bleu d&#039;Arolla, Pyramide von Euseigne und andere Sehensw\u00fcrdigkeiten warten darauf, entdeckt zu werden.\" \/>\n<meta property=\"og:url\" content=\"https:\/\/hotel-melezes.ch\/de\/region-aktivitaeten\/\" \/>\n<meta property=\"og:site_name\" content=\"H\u00f4tel Les M\u00e9l\u00e8zes\" \/>\n<meta property=\"article:modified_time\" content=\"2023-12-08T14:54:03+00:00\" \/>\n<meta name=\"twitter:card\" content=\"summary_large_image\" \/>\n<meta name=\"twitter:label1\" content=\"Gesch\u00e4tzte Lesezeit\" \/>\n\t<meta name=\"twitter:data1\" content=\"2\u00a0Minuten\" \/>\n<script type=\"application\/ld+json\" class=\"yoast-schema-graph\">{\"@context\":\"https:\\\/\\\/schema.org\",\"@graph\":[{\"@type\":\"WebPage\",\"@id\":\"https:\\\/\\\/hotel-melezes.ch\\\/de\\\/region-aktivitaeten\\\/\",\"url\":\"https:\\\/\\\/hotel-melezes.ch\\\/de\\\/region-aktivitaeten\\\/\",\"name\":\"Aktivit\u00e4ten in Les Haud\u00e8res in der Region Val d'H\u00e9rens\",\"isPartOf\":{\"@id\":\"https:\\\/\\\/hotel-melezes.ch\\\/de\\\/#website\"},\"datePublished\":\"2023-03-25T09:15:10+00:00\",\"dateModified\":\"2023-12-08T14:54:03+00:00\",\"description\":\"Nutzen Sie die zahlreichen Aktivit\u00e4ten in der Umgebung. Grande Dixence-Staudamm, Lac bleu d'Arolla, Pyramide von Euseigne und andere Sehensw\u00fcrdigkeiten warten darauf, entdeckt zu werden.\",\"breadcrumb\":{\"@id\":\"https:\\\/\\\/hotel-melezes.ch\\\/de\\\/region-aktivitaeten\\\/#breadcrumb\"},\"inLanguage\":\"de\",\"potentialAction\":[{\"@type\":\"ReadAction\",\"target\":[\"https:\\\/\\\/hotel-melezes.ch\\\/de\\\/region-aktivitaeten\\\/\"]}]},{\"@type\":\"BreadcrumbList\",\"@id\":\"https:\\\/\\\/hotel-melezes.ch\\\/de\\\/region-aktivitaeten\\\/#breadcrumb\",\"itemListElement\":[{\"@type\":\"ListItem\",\"position\":1,\"name\":\"Accueil\",\"item\":\"https:\\\/\\\/hotel-melezes.ch\\\/de\\\/home\\\/\"},{\"@type\":\"ListItem\",\"position\":2,\"name\":\"Region &amp; Aktivit\u00e4ten\"}]},{\"@type\":\"WebSite\",\"@id\":\"https:\\\/\\\/hotel-melezes.ch\\\/de\\\/#website\",\"url\":\"https:\\\/\\\/hotel-melezes.ch\\\/de\\\/\",\"name\":\"H\u00f4tel Les M\u00e9l\u00e8zes\",\"description\":\"\",\"potentialAction\":[{\"@type\":\"SearchAction\",\"target\":{\"@type\":\"EntryPoint\",\"urlTemplate\":\"https:\\\/\\\/hotel-melezes.ch\\\/de\\\/?s={search_term_string}\"},\"query-input\":{\"@type\":\"PropertyValueSpecification\",\"valueRequired\":true,\"valueName\":\"search_term_string\"}}],\"inLanguage\":\"de\"}]}<\/script>\n<!-- \/ Yoast SEO plugin. -->","yoast_head_json":{"title":"Aktivit\u00e4ten in Les Haud\u00e8res in der Region Val d'H\u00e9rens","description":"Nutzen Sie die zahlreichen Aktivit\u00e4ten in der Umgebung. Grande Dixence-Staudamm, Lac bleu d'Arolla, Pyramide von Euseigne und andere Sehensw\u00fcrdigkeiten warten darauf, entdeckt zu werden.","robots":{"index":"index","follow":"follow","max-snippet":"max-snippet:-1","max-image-preview":"max-image-preview:large","max-video-preview":"max-video-preview:-1"},"canonical":"https:\/\/hotel-melezes.ch\/de\/region-aktivitaeten\/","og_locale":"de_DE","og_type":"article","og_title":"Aktivit\u00e4ten in Les Haud\u00e8res in der Region Val d'H\u00e9rens","og_description":"Nutzen Sie die zahlreichen Aktivit\u00e4ten in der Umgebung. Grande Dixence-Staudamm, Lac bleu d'Arolla, Pyramide von Euseigne und andere Sehensw\u00fcrdigkeiten warten darauf, entdeckt zu werden.","og_url":"https:\/\/hotel-melezes.ch\/de\/region-aktivitaeten\/","og_site_name":"H\u00f4tel Les M\u00e9l\u00e8zes","article_modified_time":"2023-12-08T14:54:03+00:00","twitter_card":"summary_large_image","twitter_misc":{"Gesch\u00e4tzte Lesezeit":"2\u00a0Minuten"},"schema":{"@context":"https:\/\/schema.org","@graph":[{"@type":"WebPage","@id":"https:\/\/hotel-melezes.ch\/de\/region-aktivitaeten\/","url":"https:\/\/hotel-melezes.ch\/de\/region-aktivitaeten\/","name":"Aktivit\u00e4ten in Les Haud\u00e8res in der Region Val d'H\u00e9rens","isPartOf":{"@id":"https:\/\/hotel-melezes.ch\/de\/#website"},"datePublished":"2023-03-25T09:15:10+00:00","dateModified":"2023-12-08T14:54:03+00:00","description":"Nutzen Sie die zahlreichen Aktivit\u00e4ten in der Umgebung. Grande Dixence-Staudamm, Lac bleu d'Arolla, Pyramide von Euseigne und andere Sehensw\u00fcrdigkeiten warten darauf, entdeckt zu werden.","breadcrumb":{"@id":"https:\/\/hotel-melezes.ch\/de\/region-aktivitaeten\/#breadcrumb"},"inLanguage":"de","potentialAction":[{"@type":"ReadAction","target":["https:\/\/hotel-melezes.ch\/de\/region-aktivitaeten\/"]}]},{"@type":"BreadcrumbList","@id":"https:\/\/hotel-melezes.ch\/de\/region-aktivitaeten\/#breadcrumb","itemListElement":[{"@type":"ListItem","position":1,"name":"Accueil","item":"https:\/\/hotel-melezes.ch\/de\/home\/"},{"@type":"ListItem","position":2,"name":"Region &amp; Aktivit\u00e4ten"}]},{"@type":"WebSite","@id":"https:\/\/hotel-melezes.ch\/de\/#website","url":"https:\/\/hotel-melezes.ch\/de\/","name":"H\u00f4tel Les M\u00e9l\u00e8zes","description":"","potentialAction":[{"@type":"SearchAction","target":{"@type":"EntryPoint","urlTemplate":"https:\/\/hotel-melezes.ch\/de\/?s={search_term_string}"},"query-input":{"@type":"PropertyValueSpecification","valueRequired":true,"valueName":"search_term_string"}}],"inLanguage":"de"}]}},"_links":{"self":[{"href":"https:\/\/hotel-melezes.ch\/de\/wp-json\/wp\/v2\/pages\/1196","targetHints":{"allow":["GET"]}}],"collection":[{"href":"https:\/\/hotel-melezes.ch\/de\/wp-json\/wp\/v2\/pages"}],"about":[{"href":"https:\/\/hotel-melezes.ch\/de\/wp-json\/wp\/v2\/types\/page"}],"author":[{"embeddable":true,"href":"https:\/\/hotel-melezes.ch\/de\/wp-json\/wp\/v2\/users\/1"}],"replies":[{"embeddable":true,"href":"https:\/\/hotel-melezes.ch\/de\/wp-json\/wp\/v2\/comments?post=1196"}],"version-history":[{"count":8,"href":"https:\/\/hotel-melezes.ch\/de\/wp-json\/wp\/v2\/pages\/1196\/revisions"}],"predecessor-version":[{"id":1453,"href":"https:\/\/hotel-melezes.ch\/de\/wp-json\/wp\/v2\/pages\/1196\/revisions\/1453"}],"wp:attachment":[{"href":"https:\/\/hotel-melezes.ch\/de\/wp-json\/wp\/v2\/media?parent=1196"}],"curies":[{"name":"wp","href":"https:\/\/api.w.org\/{rel}","templated":true}]}}