{"id":1152,"date":"2023-03-25T09:54:23","date_gmt":"2023-03-25T08:54:23","guid":{"rendered":"https:\/\/hotel-melezes.ch\/region-activities\/activities\/"},"modified":"2023-05-25T07:58:56","modified_gmt":"2023-05-25T05:58:56","slug":"activities","status":"publish","type":"page","link":"https:\/\/hotel-melezes.ch\/en\/region-activities\/activities\/","title":{"rendered":"Activities"},"content":{"rendered":"<div class=\"wpb-content-wrapper\"><p>[vc_row][vc_column]<div class=\"dfd-spacer-module\"  data-units=\"px\" data-wide_resolution=\"1280\" data-wide_size=\"80\" data-normal_resolution=\"1024\" data-normal_size=\"60\" data-tablet_resolution=\"800\" data-tablet_size=\"60\" data-mobile_resolution=\"480\" data-mobile_size=\"30\" style=\"height: 80px;\"><\/div>[\/vc_column][\/vc_row][vc_row][vc_column]<div class=\"dfd-heading-shortcode\"><div class=\"dfd-heading-module-wrap  text-center style_01 dfd-heading-6a026329956a5 dfd-disable-resposive-headings\" id=\"dfd-heading-6a026329956a5\" ><div class=\"inline-block\"><div class=\"dfd-heading-module\"><h2 class=\"widget-title dfd-title \" style=\"\">Winter activities<\/h2><\/div><\/div><\/div><script type=\"text\/javascript\">\r\n\t\t\t\t\t\t\t\t\t(function($) {\r\n\t\t\t\t\t\t\t\t\t\t$(\"head\").append(\"<style>.dfd-heading-6a026329956a5.dfd-heading-module-wrap .dfd-heading-module .dfd-heading-delimiter {margin-top:10px;margin-bottom:10px;}<\/style>\");\r\n\t\t\t\t\t\t\t\t\t})(jQuery);\r\n\t\t\t\t\t\t\t\t<\/script><\/div><div class=\"dfd-spacer-module\"  data-units=\"px\" data-wide_resolution=\"1280\" data-wide_size=\"40\" data-normal_resolution=\"1024\" data-normal_size=\"30\" data-tablet_resolution=\"800\" data-tablet_size=\"30\" data-mobile_resolution=\"480\" data-mobile_size=\"20\" style=\"height: 40px;\"><\/div>[vc_column_text]<\/p>\n<p style=\"text-align: center;\">In winter, the Val d&#8217;H\u00e9rens is a white and invigorating paradise for skiers in the heart of the Valais.<\/p>\n<p style=\"text-align: center;\">All snow sports are equally well developed here: Discover the most beautiful cross-country skiing trails in western Switzerland, let yourself be taken along our 100 km of snowshoe trails, get to know freeriding and ski touring or climb icefalls &#8230; This valley, the cradle of the Eringer cow, also holds a multitude of natural treasures such as 4000 m high peaks, glaciers, the Dent-Blanche and the pyramids of Euseigne.<\/p>\n<p style=\"text-align: center;\">An alpine civilisation, culture and traditions that are remarkably alive.<\/p>\n<p>[\/vc_column_text][\/vc_column][\/vc_row][vc_row][vc_column]<div class=\"dfd-spacer-module\"  data-units=\"px\" data-wide_resolution=\"1280\" data-wide_size=\"80\" data-normal_resolution=\"1024\" data-normal_size=\"60\" data-tablet_resolution=\"800\" data-tablet_size=\"60\" data-mobile_resolution=\"480\" data-mobile_size=\"30\" style=\"height: 80px;\"><\/div>[\/vc_column][\/vc_row][vc_row][vc_column width=&#8221;1\/3&#8243; col_shadow=&#8221;box_shadow_enable:disable|shadow_horizontal:0|shadow_vertical:15|shadow_blur:50|shadow_spread:0|box_shadow_color:rgba(0%2C0%2C0%2C.35)&#8221; col_shadow_hover=&#8221;box_shadow_enable:disable|shadow_horizontal:0|shadow_vertical:15|shadow_blur:50|shadow_spread:0|box_shadow_color:rgba(0%2C0%2C0%2C.35)&#8221;]<div class=\"dfd-info-banner style-01  delimiter-hidden  dfd-image-scale text-center\" ><div class=\"image-cover \"><img loading=\"lazy\" decoding=\"async\" src=\"https:\/\/hotel-melezes.ch\/wp-content\/uploads\/2023\/03\/ski-400x350.jpg\" alt=\"Image\"  width=\"400\" height=\"350\" class=\"info-banner-image \" \/><\/div><div class=\"info-box-title feature-title\" style=\"\">Ski<\/div><a href=\"https:\/\/www.evolene-region.ch\/en\/activities-events\/activities-and-events\/winter-activities\/sommaire-portail-general-evo\/ski-snowboard\/espace-dent-blanche-evolene-region\" target=\"_blank\"  class=\"full-box-link\"><\/a><\/div>[\/vc_column][vc_column width=&#8221;1\/3&#8243;]<div class=\"dfd-info-banner style-01  delimiter-hidden  dfd-image-scale text-center\" ><div class=\"image-cover \"><img loading=\"lazy\" decoding=\"async\" src=\"https:\/\/hotel-melezes.ch\/wp-content\/uploads\/2023\/03\/ski-de-fond-400x350.jpg\" alt=\"Image\"  width=\"400\" height=\"350\" class=\"info-banner-image \" \/><\/div><div class=\"info-box-title feature-title\" style=\"\">Cross-country skiing<\/div><a href=\"https:\/\/www.evolene-region.ch\/en\/activities-events\/activities-and-events\/winter-activities\/sommaire-portail-general-evo\/cross-country-skiing\/ert-ski-de-fond-lm\" target=\"_blank\"  class=\"full-box-link\"><\/a><\/div>[\/vc_column][vc_column width=&#8221;1\/3&#8243;]<div class=\"dfd-info-banner style-01  delimiter-hidden  dfd-image-scale text-center\" ><div class=\"image-cover \"><img loading=\"lazy\" decoding=\"async\" src=\"https:\/\/hotel-melezes.ch\/wp-content\/uploads\/2023\/03\/rando-hiver-400x350.jpg\" alt=\"Image\"  width=\"400\" height=\"350\" class=\"info-banner-image \" \/><\/div><div class=\"info-box-title feature-title\" style=\"\">Ski touring<\/div><a href=\"https:\/\/www.evolene-region.ch\/en\/activities-events\/activities-and-events\/winter-activities\/sommaire-portail-general-evo\/ski-touring-and-freeride\/portail-ski-touring\" target=\"_blank\"  class=\"full-box-link\"><\/a><\/div>[\/vc_column][\/vc_row][vc_row][vc_column]<div class=\"dfd-spacer-module\"  data-units=\"px\" data-wide_resolution=\"1280\" data-wide_size=\"80\" data-normal_resolution=\"1024\" data-normal_size=\"60\" data-tablet_resolution=\"800\" data-tablet_size=\"60\" data-mobile_resolution=\"480\" data-mobile_size=\"30\" style=\"height: 80px;\"><\/div>[\/vc_column][\/vc_row][vc_row][vc_column width=&#8221;1\/3&#8243; col_shadow=&#8221;box_shadow_enable:disable|shadow_horizontal:0|shadow_vertical:15|shadow_blur:50|shadow_spread:0|box_shadow_color:rgba(0%2C0%2C0%2C.35)&#8221; col_shadow_hover=&#8221;box_shadow_enable:disable|shadow_horizontal:0|shadow_vertical:15|shadow_blur:50|shadow_spread:0|box_shadow_color:rgba(0%2C0%2C0%2C.35)&#8221;]<div class=\"dfd-info-banner style-01  delimiter-hidden  dfd-image-scale text-center\" ><div class=\"image-cover \"><img loading=\"lazy\" decoding=\"async\" src=\"https:\/\/hotel-melezes.ch\/wp-content\/uploads\/2023\/03\/biathlon-400x350.jpg\" alt=\"Image\"  width=\"400\" height=\"350\" class=\"info-banner-image \" \/><\/div><div class=\"info-box-title feature-title\" style=\"\">Biathlon<\/div><a href=\"https:\/\/www.evolene-region.ch\/en\/introduction-to-biathlon-fp47982\" target=\"_blank\"  class=\"full-box-link\"><\/a><\/div>[\/vc_column][vc_column width=&#8221;1\/3&#8243;]<div class=\"dfd-info-banner style-01  delimiter-hidden  dfd-image-scale text-center\" ><div class=\"image-cover \"><img loading=\"lazy\" decoding=\"async\" src=\"https:\/\/hotel-melezes.ch\/wp-content\/uploads\/2023\/03\/chiens-traineau-400x350.jpg\" alt=\"Image\"  width=\"400\" height=\"350\" class=\"info-banner-image \" \/><\/div><div class=\"info-box-title feature-title\" style=\"\">Sled dogs<\/div><a href=\"https:\/\/www.evolene-region.ch\/en\/dogsledding-in-evolene-region-fp46625\" target=\"_blank\"  class=\"full-box-link\"><\/a><\/div>[\/vc_column][vc_column width=&#8221;1\/3&#8243;]<div class=\"dfd-info-banner style-01  delimiter-hidden  dfd-image-scale text-center\" ><div class=\"image-cover \"><img loading=\"lazy\" decoding=\"async\" src=\"https:\/\/hotel-melezes.ch\/wp-content\/uploads\/2023\/03\/cascade-glace-400x350.jpg\" alt=\"Image\"  width=\"400\" height=\"350\" class=\"info-banner-image \" \/><\/div><div class=\"info-box-title feature-title\" style=\"\">Ice climbing<\/div><a href=\"https:\/\/www.evolene-region.ch\/en\/activities-events\/activities-and-events\/winter-activities\/sommaire-portail-general-evo\/ice-climbing\/ert-ice-climbing-lm\" target=\"_blank\"  class=\"full-box-link\"><\/a><\/div>[\/vc_column][\/vc_row][vc_row][vc_column]<div class=\"dfd-spacer-module\"  data-units=\"px\" data-wide_resolution=\"1280\" data-wide_size=\"80\" data-normal_resolution=\"1024\" data-normal_size=\"60\" data-tablet_resolution=\"800\" data-tablet_size=\"60\" data-mobile_resolution=\"480\" data-mobile_size=\"30\" style=\"height: 80px;\"><\/div>[\/vc_column][\/vc_row][vc_row][vc_column width=&#8221;1\/3&#8243; col_shadow=&#8221;box_shadow_enable:disable|shadow_horizontal:0|shadow_vertical:15|shadow_blur:50|shadow_spread:0|box_shadow_color:rgba(0%2C0%2C0%2C.35)&#8221; col_shadow_hover=&#8221;box_shadow_enable:disable|shadow_horizontal:0|shadow_vertical:15|shadow_blur:50|shadow_spread:0|box_shadow_color:rgba(0%2C0%2C0%2C.35)&#8221;]<div class=\"dfd-info-banner style-01  delimiter-hidden  dfd-image-scale text-center\" ><div class=\"image-cover \"><img loading=\"lazy\" decoding=\"async\" src=\"https:\/\/hotel-melezes.ch\/wp-content\/uploads\/2023\/03\/luge-400x350.jpg\" alt=\"Image\"  width=\"400\" height=\"350\" class=\"info-banner-image \" \/><\/div><div class=\"info-box-title feature-title\" style=\"\">Tobogganing<\/div><a href=\"https:\/\/www.evolene-region.ch\/en\/activities-events\/activities-and-events\/winter-activities\/sommaire-portail-general-evo\/sledge\/ert-sledge-lm\" target=\"_blank\"  class=\"full-box-link\"><\/a><\/div>[\/vc_column][vc_column width=&#8221;1\/3&#8243;]<div class=\"dfd-info-banner style-01  delimiter-hidden  dfd-image-scale text-center\" ><div class=\"image-cover \"><img loading=\"lazy\" decoding=\"async\" src=\"https:\/\/hotel-melezes.ch\/wp-content\/uploads\/2023\/03\/patinoire-400x350.jpg\" alt=\"Image\"  width=\"400\" height=\"350\" class=\"info-banner-image \" \/><\/div><div class=\"info-box-title feature-title\" style=\"\">Skating<\/div><a href=\"https:\/\/www.evolene-region.ch\/en\/les-hauderes-natural-ice-rink-fp40837\" target=\"_blank\"  class=\"full-box-link\"><\/a><\/div>[\/vc_column][vc_column width=&#8221;1\/3&#8243;]<div class=\"dfd-info-banner style-01  delimiter-hidden  dfd-image-scale text-center\" ><div class=\"image-cover \"><img loading=\"lazy\" decoding=\"async\" src=\"https:\/\/hotel-melezes.ch\/wp-content\/uploads\/2023\/03\/raquettes-400x350.jpg\" alt=\"Image\"  width=\"400\" height=\"350\" class=\"info-banner-image \" \/><\/div><div class=\"info-box-title feature-title\" style=\"\">Snowshoes<\/div><a href=\"https:\/\/www.evolene-region.ch\/en\/activities-events\/activities-and-events\/winter-activities\/sommaire-portail-general-evo\/snowshoe-hiking\/ert-raquettes-lm\" target=\"_blank\"  class=\"full-box-link\"><\/a><\/div>[\/vc_column][\/vc_row][vc_row][vc_column]<div class=\"dfd-spacer-module\"  data-units=\"px\" data-wide_resolution=\"1280\" data-wide_size=\"80\" data-normal_resolution=\"1024\" data-normal_size=\"60\" data-tablet_resolution=\"800\" data-tablet_size=\"60\" data-mobile_resolution=\"480\" data-mobile_size=\"30\" style=\"height: 80px;\"><\/div>[\/vc_column][\/vc_row][vc_row css=&#8221;.vc_custom_1679733733501{background-color: #f8f5f0 !important;}&#8221;][vc_column]<div class=\"dfd-spacer-module\"  data-units=\"px\" data-wide_resolution=\"1280\" data-wide_size=\"80\" data-normal_resolution=\"1024\" data-normal_size=\"60\" data-tablet_resolution=\"800\" data-tablet_size=\"60\" data-mobile_resolution=\"480\" data-mobile_size=\"30\" style=\"height: 80px;\"><\/div><div class=\"dfd-heading-shortcode\"><div class=\"dfd-heading-module-wrap  text-center style_01 dfd-heading-6a0263299b237 dfd-disable-resposive-headings\" id=\"dfd-heading-6a0263299b237\" ><div class=\"inline-block\"><div class=\"dfd-heading-module\"><h2 class=\"widget-title dfd-title \" style=\"\">H\u00e9rens guest card<\/p>\n<p><\/h2><\/div><\/div><\/div><script type=\"text\/javascript\">\r\n\t\t\t\t\t\t\t\t\t(function($) {\r\n\t\t\t\t\t\t\t\t\t\t$(\"head\").append(\"<style>.dfd-heading-6a0263299b237.dfd-heading-module-wrap .dfd-heading-module .dfd-heading-delimiter {margin-top:10px;margin-bottom:10px;}<\/style>\");\r\n\t\t\t\t\t\t\t\t\t})(jQuery);\r\n\t\t\t\t\t\t\t\t<\/script><\/div>[vc_column_text]<\/p>\n<p style=\"text-align: center;\">When you stay at the Hotel des M\u00e9l\u00e8zes, we offer you the H\u00e9rens guest card.<\/p>\n<p style=\"text-align: center;\">With this card you can benefit from the 22 summer and autumn activities of the region with super discounts!<\/p>\n<p>[\/vc_column_text]<div class=\"dfd-spacer-module\"  data-units=\"px\" data-wide_resolution=\"1280\" data-wide_size=\"40\" data-normal_resolution=\"1024\" data-normal_size=\"30\" data-tablet_resolution=\"800\" data-tablet_size=\"30\" data-mobile_resolution=\"480\" data-mobile_size=\"20\" style=\"height: 40px;\"><\/div><div id=\"dfd-button-gradient6a0263299b443-3727\" class=\"dfd-button-gradient-module-wrap\"><div class=\"dfd-button-module  style-2 normal text-center\" ><a href=\"https:\/\/www.valdherens.ch\/en\/infos-pratiques\/sommaire\/discover-this-magical-valley\/ask-for-your-pass-herens\/portail-pass-herens\" target=\"_blank\"  class=\"dfd-button-link  dfd-fade\"><span class=\"dfd-button-inner-cover\"><span class=\"dfd-button-text-main\" style=\"\">MORE INFORMATION<\/span><span class=\"dfd-button-border\"><\/span><\/span><\/a><\/div><script type=\"text\/javascript\">(function($) {$(\"head\").append(\"<style>#dfd-button-gradient6a0263299b443-3727 .dfd-button-link .dfd-button-inner-cover {padding-left: 25px;}#dfd-button-gradient6a0263299b443-3727 .dfd-button-link .dfd-button-inner-cover {padding-right: 25px;}#dfd-button-gradient6a0263299b443-3727 .dfd-button-link:not(:hover),#dfd-button-gradient6a0263299b443-3727.dfd-button-gradient-module-wrap .dfd-button-link.dfd-3d-rotate .dfd-button-inner-cover.front .dfd-button-text-main,#dfd-button-gradient6a0263299b443-3727.dfd-button-gradient-module-wrap .dfd-button-link:not(:hover) .featured-icon {color: #78635a;}#dfd-button-gradient6a0263299b443-3727 .dfd-button-link:hover,#dfd-button-gradient6a0263299b443-3727.dfd-button-gradient-module-wrap .dfd-button-link.dfd-3d-rotate .dfd-button-inner-cover.back .dfd-button-text-main,#dfd-button-gradient6a0263299b443-3727.dfd-button-gradient-module-wrap .dfd-button-link:hover .featured-icon  {color: #ffffff;}#dfd-button-gradient6a0263299b443-3727 .dfd-button-link .dfd-button-inner-cover:before,#dfd-button-gradient6a0263299b443-3727.dfd-button-gradient-module-wrap .dfd-button-link.dfd-fade .dfd-button-inner-cover:before {background: linear-gradient(to right, #f8f5f0, #f8f5f0);}#dfd-button-gradient6a0263299b443-3727 .dfd-button-link .dfd-button-inner-cover:after {background: linear-gradient(to right, #78635a, #78635a);}#dfd-button-gradient6a0263299b443-3727 .dfd-button-link .dfd-button-inner-cover .dfd-button-border:before {background: linear-gradient(to right, #78635a, #78635a);}#dfd-button-gradient6a0263299b443-3727 .dfd-button-link .dfd-button-inner-cover .dfd-button-border:after {background: linear-gradient(to right, #78635a, #78635a);}#dfd-button-gradient6a0263299b443-3727 .dfd-button-link .dfd-button-inner-cover:before, #dfd-button-gradient6a0263299b443-3727 .dfd-button-link .dfd-button-inner-cover:after {top: 2px; right: 2px; bottom: 2px; left: 2px;}#dfd-button-gradient6a0263299b443-3727 .dfd-button-link:hover, #dfd-button-gradient6a0263299b443-3727 .dfd-button-link:hover .dfd-button-inner-cover, #dfd-button-gradient6a0263299b443-3727 .dfd-button-link:not(:hover), #dfd-button-gradient6a0263299b443-3727 .dfd-button-link:not(:hover) .dfd-button-inner-cover {border-radius: 0px;}<\/style>\");})(jQuery);<\/script><\/div><div class=\"dfd-spacer-module\"  data-units=\"px\" data-wide_resolution=\"1280\" data-wide_size=\"80\" data-normal_resolution=\"1024\" data-normal_size=\"60\" data-tablet_resolution=\"800\" data-tablet_size=\"60\" data-mobile_resolution=\"480\" data-mobile_size=\"30\" style=\"height: 80px;\"><\/div>[\/vc_column][\/vc_row]<\/p>\n<\/div>","protected":false},"excerpt":{"rendered":"<p>[vc_row][vc_column][\/vc_column][\/vc_row][vc_row][vc_column][vc_column_text] In winter, the Val d&#8217;H\u00e9rens is a white and invigorating paradise for skiers in the heart of the Valais. All snow sports are equally well developed here: Discover the<\/p>\n","protected":false},"author":1,"featured_media":0,"parent":1149,"menu_order":0,"comment_status":"closed","ping_status":"closed","template":"page-custom-with-header.php","meta":{"inline_featured_image":false,"footnotes":""},"class_list":["post-1152","page","type-page","status-publish","hentry"],"yoast_head":"<!-- This site is optimized with the Yoast SEO plugin v27.3 - https:\/\/yoast.com\/product\/yoast-seo-wordpress\/ -->\n<title>Winter activities | H\u00f4tel Les M\u00e9l\u00e8zes<\/title>\n<meta name=\"description\" content=\"Discover a variety of sights and natural beauty in the region in summer and winter.\" \/>\n<meta name=\"robots\" content=\"index, follow, max-snippet:-1, max-image-preview:large, max-video-preview:-1\" \/>\n<link rel=\"canonical\" href=\"https:\/\/hotel-melezes.ch\/en\/region-activities\/activities\/\" \/>\n<meta property=\"og:locale\" content=\"en_US\" \/>\n<meta property=\"og:type\" content=\"article\" \/>\n<meta property=\"og:title\" content=\"Winter activities | H\u00f4tel Les M\u00e9l\u00e8zes\" \/>\n<meta property=\"og:description\" content=\"Discover a variety of sights and natural beauty in the region in summer and winter.\" \/>\n<meta property=\"og:url\" content=\"https:\/\/hotel-melezes.ch\/en\/region-activities\/activities\/\" \/>\n<meta property=\"og:site_name\" content=\"H\u00f4tel Les M\u00e9l\u00e8zes\" \/>\n<meta property=\"article:modified_time\" content=\"2023-05-25T05:58:56+00:00\" \/>\n<meta name=\"twitter:card\" content=\"summary_large_image\" \/>\n<meta name=\"twitter:label1\" content=\"Est. reading time\" \/>\n\t<meta name=\"twitter:data1\" content=\"2 minutes\" \/>\n<script type=\"application\/ld+json\" class=\"yoast-schema-graph\">{\"@context\":\"https:\\\/\\\/schema.org\",\"@graph\":[{\"@type\":\"WebPage\",\"@id\":\"https:\\\/\\\/hotel-melezes.ch\\\/en\\\/region-activities\\\/activities\\\/\",\"url\":\"https:\\\/\\\/hotel-melezes.ch\\\/en\\\/region-activities\\\/activities\\\/\",\"name\":\"Winter activities | H\u00f4tel Les M\u00e9l\u00e8zes\",\"isPartOf\":{\"@id\":\"https:\\\/\\\/hotel-melezes.ch\\\/en\\\/#website\"},\"datePublished\":\"2023-03-25T08:54:23+00:00\",\"dateModified\":\"2023-05-25T05:58:56+00:00\",\"description\":\"Discover a variety of sights and natural beauty in the region in summer and winter.\",\"breadcrumb\":{\"@id\":\"https:\\\/\\\/hotel-melezes.ch\\\/en\\\/region-activities\\\/activities\\\/#breadcrumb\"},\"inLanguage\":\"en-US\",\"potentialAction\":[{\"@type\":\"ReadAction\",\"target\":[\"https:\\\/\\\/hotel-melezes.ch\\\/en\\\/region-activities\\\/activities\\\/\"]}]},{\"@type\":\"BreadcrumbList\",\"@id\":\"https:\\\/\\\/hotel-melezes.ch\\\/en\\\/region-activities\\\/activities\\\/#breadcrumb\",\"itemListElement\":[{\"@type\":\"ListItem\",\"position\":1,\"name\":\"Accueil\",\"item\":\"https:\\\/\\\/hotel-melezes.ch\\\/en\\\/home\\\/\"},{\"@type\":\"ListItem\",\"position\":2,\"name\":\"Region &amp; Activities\",\"item\":\"https:\\\/\\\/hotel-melezes.ch\\\/en\\\/region-activities\\\/\"},{\"@type\":\"ListItem\",\"position\":3,\"name\":\"Activities\"}]},{\"@type\":\"WebSite\",\"@id\":\"https:\\\/\\\/hotel-melezes.ch\\\/en\\\/#website\",\"url\":\"https:\\\/\\\/hotel-melezes.ch\\\/en\\\/\",\"name\":\"H\u00f4tel Les M\u00e9l\u00e8zes\",\"description\":\"\",\"potentialAction\":[{\"@type\":\"SearchAction\",\"target\":{\"@type\":\"EntryPoint\",\"urlTemplate\":\"https:\\\/\\\/hotel-melezes.ch\\\/en\\\/?s={search_term_string}\"},\"query-input\":{\"@type\":\"PropertyValueSpecification\",\"valueRequired\":true,\"valueName\":\"search_term_string\"}}],\"inLanguage\":\"en-US\"}]}<\/script>\n<!-- \/ Yoast SEO plugin. -->","yoast_head_json":{"title":"Winter activities | H\u00f4tel Les M\u00e9l\u00e8zes","description":"Discover a variety of sights and natural beauty in the region in summer and winter.","robots":{"index":"index","follow":"follow","max-snippet":"max-snippet:-1","max-image-preview":"max-image-preview:large","max-video-preview":"max-video-preview:-1"},"canonical":"https:\/\/hotel-melezes.ch\/en\/region-activities\/activities\/","og_locale":"en_US","og_type":"article","og_title":"Winter activities | H\u00f4tel Les M\u00e9l\u00e8zes","og_description":"Discover a variety of sights and natural beauty in the region in summer and winter.","og_url":"https:\/\/hotel-melezes.ch\/en\/region-activities\/activities\/","og_site_name":"H\u00f4tel Les M\u00e9l\u00e8zes","article_modified_time":"2023-05-25T05:58:56+00:00","twitter_card":"summary_large_image","twitter_misc":{"Est. reading time":"2 minutes"},"schema":{"@context":"https:\/\/schema.org","@graph":[{"@type":"WebPage","@id":"https:\/\/hotel-melezes.ch\/en\/region-activities\/activities\/","url":"https:\/\/hotel-melezes.ch\/en\/region-activities\/activities\/","name":"Winter activities | H\u00f4tel Les M\u00e9l\u00e8zes","isPartOf":{"@id":"https:\/\/hotel-melezes.ch\/en\/#website"},"datePublished":"2023-03-25T08:54:23+00:00","dateModified":"2023-05-25T05:58:56+00:00","description":"Discover a variety of sights and natural beauty in the region in summer and winter.","breadcrumb":{"@id":"https:\/\/hotel-melezes.ch\/en\/region-activities\/activities\/#breadcrumb"},"inLanguage":"en-US","potentialAction":[{"@type":"ReadAction","target":["https:\/\/hotel-melezes.ch\/en\/region-activities\/activities\/"]}]},{"@type":"BreadcrumbList","@id":"https:\/\/hotel-melezes.ch\/en\/region-activities\/activities\/#breadcrumb","itemListElement":[{"@type":"ListItem","position":1,"name":"Accueil","item":"https:\/\/hotel-melezes.ch\/en\/home\/"},{"@type":"ListItem","position":2,"name":"Region &amp; Activities","item":"https:\/\/hotel-melezes.ch\/en\/region-activities\/"},{"@type":"ListItem","position":3,"name":"Activities"}]},{"@type":"WebSite","@id":"https:\/\/hotel-melezes.ch\/en\/#website","url":"https:\/\/hotel-melezes.ch\/en\/","name":"H\u00f4tel Les M\u00e9l\u00e8zes","description":"","potentialAction":[{"@type":"SearchAction","target":{"@type":"EntryPoint","urlTemplate":"https:\/\/hotel-melezes.ch\/en\/?s={search_term_string}"},"query-input":{"@type":"PropertyValueSpecification","valueRequired":true,"valueName":"search_term_string"}}],"inLanguage":"en-US"}]}},"_links":{"self":[{"href":"https:\/\/hotel-melezes.ch\/en\/wp-json\/wp\/v2\/pages\/1152","targetHints":{"allow":["GET"]}}],"collection":[{"href":"https:\/\/hotel-melezes.ch\/en\/wp-json\/wp\/v2\/pages"}],"about":[{"href":"https:\/\/hotel-melezes.ch\/en\/wp-json\/wp\/v2\/types\/page"}],"author":[{"embeddable":true,"href":"https:\/\/hotel-melezes.ch\/en\/wp-json\/wp\/v2\/users\/1"}],"replies":[{"embeddable":true,"href":"https:\/\/hotel-melezes.ch\/en\/wp-json\/wp\/v2\/comments?post=1152"}],"version-history":[{"count":5,"href":"https:\/\/hotel-melezes.ch\/en\/wp-json\/wp\/v2\/pages\/1152\/revisions"}],"predecessor-version":[{"id":1346,"href":"https:\/\/hotel-melezes.ch\/en\/wp-json\/wp\/v2\/pages\/1152\/revisions\/1346"}],"up":[{"embeddable":true,"href":"https:\/\/hotel-melezes.ch\/en\/wp-json\/wp\/v2\/pages\/1149"}],"wp:attachment":[{"href":"https:\/\/hotel-melezes.ch\/en\/wp-json\/wp\/v2\/media?parent=1152"}],"curies":[{"name":"wp","href":"https:\/\/api.w.org\/{rel}","templated":true}]}}